{"id":18429,"date":"2025-11-20T12:28:24","date_gmt":"2025-11-20T11:28:24","guid":{"rendered":"https:\/\/navision-beratung.de\/?page_id=18429"},"modified":"2025-11-20T14:13:09","modified_gmt":"2025-11-20T13:13:09","slug":"elementor-18429","status":"publish","type":"page","link":"https:\/\/navision-beratung.de\/da\/elementor-18429\/","title":{"rendered":"BC Start guide"},"content":{"rendered":"<div data-elementor-type=\"wp-page\" data-elementor-id=\"18429\" class=\"elementor elementor-18429\" data-elementor-post-type=\"page\">\n\t\t\t\t<div class=\"elementor-element elementor-element-b427325 e-flex e-con-boxed e-con e-parent\" data-id=\"b427325\" data-element_type=\"container\">\n\t\t\t\t\t<div class=\"e-con-inner\">\n\t\t\t\t<div class=\"elementor-element elementor-element-7736458 elementor-widget elementor-widget-spacer\" data-id=\"7736458\" data-element_type=\"widget\" data-widget_type=\"spacer.default\">\n\t\t\t\t\t\t\t<div class=\"elementor-spacer\">\n\t\t\t<div class=\"elementor-spacer-inner\"><\/div>\n\t\t<\/div>\n\t\t\t\t\t\t<\/div>\n\t\t\t\t<div class=\"elementor-element elementor-element-56082ef elementor-widget elementor-widget-text-editor\" data-id=\"56082ef\" data-element_type=\"widget\" data-widget_type=\"text-editor.default\">\n\t\t\t\t\t\t\t\t\t<h3 data-start=\"338\" data-end=\"440\">Der erste Schritt zu Ihrer zukunftssicheren ERP-L\u00f6sung mit Microsoft Dynamics 365 BC<\/h3><p data-start=\"442\" data-end=\"705\">Sie stehen vor der Einf\u00fchrung oder Optimierung eines ERP-Systems? Ob gesetzliche Anforderungen wie die E-Rechnungspflicht, manuelle Prozesse oder gewachsene IT-Strukturen \u2013 mit unserem Business Central Start Guide machen wir den Einstieg einfach und strukturiert.<\/p><p data-start=\"707\" data-end=\"1049\">F\u00fcllen Sie das untenstehende Formular aus, damit wir Ihre Anforderungen besser verstehen. Auf Basis Ihrer Angaben erhalten Sie von uns eine erste Einsch\u00e4tzung, wie eine passende, wartungsarme und wirtschaftlich sinnvolle ERP-L\u00f6sung f\u00fcr Ihr Unternehmen aussehen kann \u2013 selbstverst\u00e4ndlich abgestimmt auf Microsoft Dynamics 365 Business Central.<\/p>\t\t\t\t\t\t\t\t<\/div>\n\t\t\t\t<div class=\"elementor-element elementor-element-b636122 elementor-widget elementor-widget-wpforms\" data-id=\"b636122\" data-element_type=\"widget\" data-widget_type=\"wpforms.default\">\n\t\t\t\t<div class=\"elementor-widget-container\">\n\t\t\t\t\t<div class=\"wpforms-container wpforms-container-full wpforms-render-modern\" id=\"wpforms-18419\"><form id=\"wpforms-form-18419\" class=\"wpforms-validate wpforms-form wpforms-ajax-form\" data-formid=\"18419\" method=\"post\" enctype=\"multipart\/form-data\" action=\"\/da\/wp-json\/wp\/v2\/pages\/18429\" data-token=\"121bc17a889a25753e1efa4be0226272\" data-token-time=\"1775914703\" data-trp-original-action=\"\/da\/wp-json\/wp\/v2\/pages\/18429\"><noscript class=\"wpforms-error-noscript\">Please enable JavaScript in your browser to complete this form.<\/noscript><div id=\"wpforms-error-noscript\" style=\"display: none;\">Please enable JavaScript in your browser to complete this form.<\/div><div class=\"wpforms-field-container\"><div id=\"wpforms-18419-field_19-container\" class=\"wpforms-field wpforms-field-name\" data-field-id=\"19\"><fieldset><legend class=\"wpforms-field-label\">Navn <span class=\"wpforms-required-label\" aria-hidden=\"true\">*<\/span><\/legend><div class=\"wpforms-field-row wpforms-field-medium\"><div class=\"wpforms-field-row-block wpforms-first wpforms-one-half\"><input type=\"text\" id=\"wpforms-18419-field_19\" class=\"wpforms-field-name-first wpforms-field-required\" name=\"wpforms[fields][19][first]\" aria-errormessage=\"wpforms-18419-field_19-error\" required><label for=\"wpforms-18419-field_19\" class=\"wpforms-field-sublabel after\">First<\/label><\/div><div class=\"wpforms-field-row-block wpforms-one-half\"><input type=\"text\" id=\"wpforms-18419-field_19-last\" class=\"wpforms-field-name-last wpforms-field-required\" name=\"wpforms[fields][19][last]\" aria-errormessage=\"wpforms-18419-field_19-last-error\" required><label for=\"wpforms-18419-field_19-last\" class=\"wpforms-field-sublabel after\">Last<\/label><\/div><\/div><\/fieldset><\/div><div id=\"wpforms-18419-field_20-container\" class=\"wpforms-field wpforms-field-email\" data-field-id=\"20\"><label class=\"wpforms-field-label\" for=\"wpforms-18419-field_20\">Email <span class=\"wpforms-required-label\" aria-hidden=\"true\">*<\/span><\/label><input type=\"email\" id=\"wpforms-18419-field_20\" class=\"wpforms-field-medium wpforms-field-required\" name=\"wpforms[fields][20]\" spellcheck=\"false\" aria-errormessage=\"wpforms-18419-field_20-error\" required><\/div><div id=\"wpforms-18419-field_21-container\" class=\"wpforms-field wpforms-field-number\" data-field-id=\"21\"><label class=\"wpforms-field-label\" for=\"wpforms-18419-field_21\">Telefonnummer<\/label><input type=\"number\" id=\"wpforms-18419-field_21\" class=\"wpforms-field-medium\" name=\"wpforms[fields][21]\" step=\"any\" aria-errormessage=\"wpforms-18419-field_21-error\" ><\/div><div id=\"wpforms-18419-field_27-container\" class=\"wpforms-field wpforms-field-text\" data-field-id=\"27\"><label class=\"wpforms-field-label\" for=\"wpforms-18419-field_27\">Unternehmensname<\/label><input type=\"text\" id=\"wpforms-18419-field_27\" class=\"wpforms-field-medium\" name=\"wpforms[fields][27]\" aria-errormessage=\"wpforms-18419-field_27-error\" ><\/div><div id=\"wpforms-18419-field_11-container\" class=\"wpforms-field wpforms-field-text\" data-field-id=\"11\"><label class=\"wpforms-field-label\" for=\"wpforms-18419-field_11\">Funktion<\/label><input type=\"text\" id=\"wpforms-18419-field_11\" class=\"wpforms-field-medium\" name=\"wpforms[fields][11]\" aria-errormessage=\"wpforms-18419-field_11-error\" ><\/div><div id=\"wpforms-18419-field_3-container\" class=\"wpforms-field wpforms-field-text\" data-field-id=\"3\"><label class=\"wpforms-field-label\" for=\"wpforms-18419-field_3\">In welcher Branche ist Ihr Unternehmen haupts\u00e4chlich t\u00e4tig?<\/label><input type=\"text\" id=\"wpforms-18419-field_3\" class=\"wpforms-field-medium\" name=\"wpforms[fields][3]\" aria-errormessage=\"wpforms-18419-field_3-error\" ><\/div><div id=\"wpforms-18419-field_7-container\" class=\"wpforms-field wpforms-field-text\" data-field-id=\"7\"><label class=\"wpforms-field-label\" for=\"wpforms-18419-field_7\">Welche Schnittstellen zu bestehenden Systemen ben\u00f6tigen Sie?<\/label><input type=\"text\" id=\"wpforms-18419-field_7\" class=\"wpforms-field-medium\" name=\"wpforms[fields][7]\" aria-errormessage=\"wpforms-18419-field_7-error\" ><\/div><div id=\"wpforms-18419-field_8-container\" class=\"wpforms-field wpforms-field-text\" data-field-id=\"8\"><label class=\"wpforms-field-label\" for=\"wpforms-18419-field_8\">Nennen Sie uns die Anzahl der Mitarbeiter:<\/label><input type=\"text\" id=\"wpforms-18419-field_8\" class=\"wpforms-field-medium\" name=\"wpforms[fields][8]\" aria-errormessage=\"wpforms-18419-field_8-error\" ><\/div><div id=\"wpforms-18419-field_9-container\" class=\"wpforms-field wpforms-field-text\" data-field-id=\"9\"><label class=\"wpforms-field-label\" for=\"wpforms-18419-field_9\">Wie viele ERP-User haben Sie oder sind geplant?<\/label><input type=\"text\" id=\"wpforms-18419-field_9\" class=\"wpforms-field-medium\" name=\"wpforms[fields][9]\" aria-errormessage=\"wpforms-18419-field_9-error\" ><\/div><div id=\"wpforms-18419-field_10-container\" class=\"wpforms-field wpforms-field-text\" data-field-id=\"10\"><label class=\"wpforms-field-label\" for=\"wpforms-18419-field_10\">Welches Budget steht Ihnen zur Verf\u00fcgung?<\/label><input type=\"text\" id=\"wpforms-18419-field_10\" class=\"wpforms-field-medium\" name=\"wpforms[fields][10]\" aria-errormessage=\"wpforms-18419-field_10-error\" ><\/div><div id=\"wpforms-18419-field_24-container\" class=\"wpforms-field wpforms-field-checkbox\" data-field-id=\"24\"><fieldset><legend class=\"wpforms-field-label\">Welche Dienstleitungen w\u00fcnschen sie sich?<\/legend><ul id=\"wpforms-18419-field_24\"><li class=\"choice-1 depth-1\"><input type=\"checkbox\" id=\"wpforms-18419-field_24_1\" name=\"wpforms[fields][24][]\" value=\"Beratung\" aria-errormessage=\"wpforms-18419-field_24_1-error\"  ><label class=\"wpforms-field-label-inline\" for=\"wpforms-18419-field_24_1\">Beratung<\/label><\/li><li class=\"choice-2 depth-1\"><input type=\"checkbox\" id=\"wpforms-18419-field_24_2\" name=\"wpforms[fields][24][]\" value=\"Entwicklung\/ Customizing\" aria-errormessage=\"wpforms-18419-field_24_2-error\"  ><label class=\"wpforms-field-label-inline\" for=\"wpforms-18419-field_24_2\">Entwicklung\/ Customizing<\/label><\/li><li class=\"choice-3 depth-1\"><input type=\"checkbox\" id=\"wpforms-18419-field_24_3\" name=\"wpforms[fields][24][]\" value=\"Technologie &amp; Serviceinfrastruktur\" aria-errormessage=\"wpforms-18419-field_24_3-error\"  ><label class=\"wpforms-field-label-inline\" for=\"wpforms-18419-field_24_3\">Technologie &amp; Serviceinfrastruktur<\/label><\/li><li class=\"choice-6 depth-1\"><input type=\"checkbox\" id=\"wpforms-18419-field_24_6\" name=\"wpforms[fields][24][]\" value=\"Hosting in Deutschland\" aria-errormessage=\"wpforms-18419-field_24_6-error\"  ><label class=\"wpforms-field-label-inline\" for=\"wpforms-18419-field_24_6\">Hosting in Deutschland<\/label><\/li><li class=\"choice-5 depth-1\"><input type=\"checkbox\" id=\"wpforms-18419-field_24_5\" name=\"wpforms[fields][24][]\" value=\"Schulung &amp; Workshops\" aria-errormessage=\"wpforms-18419-field_24_5-error\"  ><label class=\"wpforms-field-label-inline\" for=\"wpforms-18419-field_24_5\">Schulung &amp; Workshops<\/label><\/li><li class=\"choice-4 depth-1\"><input type=\"checkbox\" id=\"wpforms-18419-field_24_4\" name=\"wpforms[fields][24][]\" value=\"Wartung &amp; Support\" aria-errormessage=\"wpforms-18419-field_24_4-error\"  ><label class=\"wpforms-field-label-inline\" for=\"wpforms-18419-field_24_4\">Wartung &amp; Support<\/label><\/li><\/ul><\/fieldset><\/div><div id=\"wpforms-18419-field_13-container\" class=\"wpforms-field wpforms-field-radio\" data-field-id=\"13\"><fieldset><legend class=\"wpforms-field-label\">Wie soll das System bereitgestellt werden?<\/legend><ul id=\"wpforms-18419-field_13\"><li class=\"choice-1 depth-1\"><input type=\"radio\" id=\"wpforms-18419-field_13_1\" name=\"wpforms[fields][13]\" value=\"lokal \/ on premise\" aria-errormessage=\"wpforms-18419-field_13_1-error\"  ><label class=\"wpforms-field-label-inline\" for=\"wpforms-18419-field_13_1\">lokal \/ on premise<\/label><\/li><li class=\"choice-2 depth-1\"><input type=\"radio\" id=\"wpforms-18419-field_13_2\" name=\"wpforms[fields][13]\" value=\"Cloud\" aria-errormessage=\"wpforms-18419-field_13_2-error\"  ><label class=\"wpforms-field-label-inline\" for=\"wpforms-18419-field_13_2\">Sky<\/label><\/li><li class=\"choice-3 depth-1\"><input type=\"radio\" id=\"wpforms-18419-field_13_3\" name=\"wpforms[fields][13]\" value=\"noch nicht entschieden\" aria-errormessage=\"wpforms-18419-field_13_3-error\"  ><label class=\"wpforms-field-label-inline\" for=\"wpforms-18419-field_13_3\">noch nicht entschieden<\/label><\/li><\/ul><\/fieldset><\/div><div id=\"wpforms-18419-field_23-container\" class=\"wpforms-field wpforms-field-checkbox\" data-field-id=\"23\"><fieldset><legend class=\"wpforms-field-label\">Welche Funktionsbereiche sollen abgedeckt werden?<\/legend><ul id=\"wpforms-18419-field_23\"><li class=\"choice-1 depth-1\"><input type=\"checkbox\" id=\"wpforms-18419-field_23_1\" name=\"wpforms[fields][23][]\" value=\"Finanzmanagement\" aria-errormessage=\"wpforms-18419-field_23_1-error\"  ><label class=\"wpforms-field-label-inline\" for=\"wpforms-18419-field_23_1\">\u00d8konomisk ledelse<\/label><\/li><li class=\"choice-2 depth-1\"><input type=\"checkbox\" id=\"wpforms-18419-field_23_2\" name=\"wpforms[fields][23][]\" value=\"Einkauf &amp; Beschaffung\" aria-errormessage=\"wpforms-18419-field_23_2-error\"  ><label class=\"wpforms-field-label-inline\" for=\"wpforms-18419-field_23_2\">Einkauf &amp; Beschaffung<\/label><\/li><li class=\"choice-3 depth-1\"><input type=\"checkbox\" id=\"wpforms-18419-field_23_3\" name=\"wpforms[fields][23][]\" value=\"Lager &amp; Logistik\" aria-errormessage=\"wpforms-18419-field_23_3-error\"  ><label class=\"wpforms-field-label-inline\" for=\"wpforms-18419-field_23_3\">Lager og logistik<\/label><\/li><li class=\"choice-7 depth-1\"><input type=\"checkbox\" id=\"wpforms-18419-field_23_7\" name=\"wpforms[fields][23][]\" value=\"Produktion &amp; Fertigung\" aria-errormessage=\"wpforms-18419-field_23_7-error\"  ><label class=\"wpforms-field-label-inline\" for=\"wpforms-18419-field_23_7\">Produktion og fremstilling<\/label><\/li><li class=\"choice-6 depth-1\"><input type=\"checkbox\" id=\"wpforms-18419-field_23_6\" name=\"wpforms[fields][23][]\" value=\"Vertrieb &amp; Marketing\" aria-errormessage=\"wpforms-18419-field_23_6-error\"  ><label class=\"wpforms-field-label-inline\" for=\"wpforms-18419-field_23_6\">Salg og marketing<\/label><\/li><li class=\"choice-5 depth-1\"><input type=\"checkbox\" id=\"wpforms-18419-field_23_5\" name=\"wpforms[fields][23][]\" value=\"Projektmanagement\" aria-errormessage=\"wpforms-18419-field_23_5-error\"  ><label class=\"wpforms-field-label-inline\" for=\"wpforms-18419-field_23_5\">Projektledelse<\/label><\/li><li class=\"choice-4 depth-1\"><input type=\"checkbox\" id=\"wpforms-18419-field_23_4\" name=\"wpforms[fields][23][]\" value=\"Servicemanagement\" aria-errormessage=\"wpforms-18419-field_23_4-error\"  ><label class=\"wpforms-field-label-inline\" for=\"wpforms-18419-field_23_4\">Ledelse af service<\/label><\/li><\/ul><\/fieldset><\/div><div id=\"wpforms-18419-field_25-container\" class=\"wpforms-field wpforms-field-checkbox\" data-field-id=\"25\"><fieldset><legend class=\"wpforms-field-label\">Welche Ziele verfolgen Sie mit einem neuen ERP-System?<\/legend><ul id=\"wpforms-18419-field_25\"><li class=\"choice-1 depth-1\"><input type=\"checkbox\" id=\"wpforms-18419-field_25_1\" name=\"wpforms[fields][25][]\" value=\"Wachstum besser steuern\" aria-errormessage=\"wpforms-18419-field_25_1-error\"  ><label class=\"wpforms-field-label-inline\" for=\"wpforms-18419-field_25_1\">Wachstum besser steuern<\/label><\/li><li class=\"choice-2 depth-1\"><input type=\"checkbox\" id=\"wpforms-18419-field_25_2\" name=\"wpforms[fields][25][]\" value=\"Bessere Transparenz\/Reporting\" aria-errormessage=\"wpforms-18419-field_25_2-error\"  ><label class=\"wpforms-field-label-inline\" for=\"wpforms-18419-field_25_2\">Bessere Transparenz\/Reporting<\/label><\/li><li class=\"choice-5 depth-1\"><input type=\"checkbox\" id=\"wpforms-18419-field_25_5\" name=\"wpforms[fields][25][]\" value=\"Prozesse automatisieren\" aria-errormessage=\"wpforms-18419-field_25_5-error\"  ><label class=\"wpforms-field-label-inline\" for=\"wpforms-18419-field_25_5\">Prozesse automatisieren<\/label><\/li><li class=\"choice-3 depth-1\"><input type=\"checkbox\" id=\"wpforms-18419-field_25_3\" name=\"wpforms[fields][25][]\" value=\"Kosten senken\" aria-errormessage=\"wpforms-18419-field_25_3-error\"  ><label class=\"wpforms-field-label-inline\" for=\"wpforms-18419-field_25_3\">Kosten senken<\/label><\/li><li class=\"choice-4 depth-1\"><input type=\"checkbox\" id=\"wpforms-18419-field_25_4\" name=\"wpforms[fields][25][]\" value=\"Sonstiges: Bitte eingeben\" aria-errormessage=\"wpforms-18419-field_25_4-error\"  ><label class=\"wpforms-field-label-inline\" for=\"wpforms-18419-field_25_4\">Sonstiges: Bitte eingeben<\/label><\/li><\/ul><\/fieldset><\/div><div id=\"wpforms-18419-field_16-container\" class=\"wpforms-field wpforms-field-text\" data-field-id=\"16\"><label class=\"wpforms-field-label\" for=\"wpforms-18419-field_16\">Sonstiges<\/label><input type=\"text\" id=\"wpforms-18419-field_16\" class=\"wpforms-field-medium\" name=\"wpforms[fields][16]\" aria-errormessage=\"wpforms-18419-field_16-error\" ><\/div><div id=\"wpforms-18419-field_26-container\" class=\"wpforms-field wpforms-field-checkbox\" data-field-id=\"26\"><fieldset><legend class=\"wpforms-field-label\">Welche ERP-L\u00f6sung nutzen Sie derzeit?<\/legend><ul id=\"wpforms-18419-field_26\"><li class=\"choice-1 depth-1\"><input type=\"checkbox\" id=\"wpforms-18419-field_26_1\" name=\"wpforms[fields][26][]\" value=\"Microsoft Dynamics NAV\" aria-errormessage=\"wpforms-18419-field_26_1-error\"  ><label class=\"wpforms-field-label-inline\" for=\"wpforms-18419-field_26_1\">Microsoft Dynamics NAV<\/label><\/li><li class=\"choice-2 depth-1\"><input type=\"checkbox\" id=\"wpforms-18419-field_26_2\" name=\"wpforms[fields][26][]\" value=\"anderes ERP System\" aria-errormessage=\"wpforms-18419-field_26_2-error\"  ><label class=\"wpforms-field-label-inline\" for=\"wpforms-18419-field_26_2\">anderes ERP System<\/label><\/li><li class=\"choice-3 depth-1\"><input type=\"checkbox\" id=\"wpforms-18419-field_26_3\" name=\"wpforms[fields][26][]\" value=\"keine ERP-L\u00f6sung\" aria-errormessage=\"wpforms-18419-field_26_3-error\"  ><label class=\"wpforms-field-label-inline\" for=\"wpforms-18419-field_26_3\">keine ERP-L\u00f6sung<\/label><\/li><\/ul><\/fieldset><\/div><div id=\"wpforms-18419-field_18-container\" class=\"wpforms-field wpforms-field-radio\" data-field-id=\"18\"><fieldset><legend class=\"wpforms-field-label\">Welchen Zeitraum f\u00fcr die Einf\u00fchrung haben Sie geplant?<\/legend><ul id=\"wpforms-18419-field_18\"><li class=\"choice-1 depth-1\"><input type=\"radio\" id=\"wpforms-18419-field_18_1\" name=\"wpforms[fields][18]\" value=\"In 3-6 Monaten\" aria-errormessage=\"wpforms-18419-field_18_1-error\"  ><label class=\"wpforms-field-label-inline\" for=\"wpforms-18419-field_18_1\">In 3-6 Monaten<\/label><\/li><li class=\"choice-2 depth-1\"><input type=\"radio\" id=\"wpforms-18419-field_18_2\" name=\"wpforms[fields][18]\" value=\"In 6-12 Monaten\" aria-errormessage=\"wpforms-18419-field_18_2-error\"  ><label class=\"wpforms-field-label-inline\" for=\"wpforms-18419-field_18_2\">In 6-12 Monaten<\/label><\/li><li class=\"choice-3 depth-1\"><input type=\"radio\" id=\"wpforms-18419-field_18_3\" name=\"wpforms[fields][18]\" value=\"Noch unklar\" aria-errormessage=\"wpforms-18419-field_18_3-error\"  ><label class=\"wpforms-field-label-inline\" for=\"wpforms-18419-field_18_3\">Noch unklar<\/label><\/li><\/ul><\/fieldset><\/div>\t\t<div id=\"wpforms-18419-field_1-container\"\n\t\t\tclass=\"wpforms-field wpforms-field-text\"\n\t\t\tdata-field-type=\"text\"\n\t\t\tdata-field-id=\"1\"\n\t\t\t>\n\t\t\t<label class=\"wpforms-field-label\" for=\"wpforms-18419-field_1\" >Sie Welche haben<\/label>\n\t\t\t<input type=\"text\" id=\"wpforms-18419-field_1\" class=\"wpforms-field-medium\" name=\"wpforms[fields][1]\" >\n\t\t<\/div>\n\t\t<div id=\"wpforms-18419-field_6-container\" class=\"wpforms-field wpforms-field-textarea\" data-field-id=\"6\"><label class=\"wpforms-field-label\" for=\"wpforms-18419-field_6\">Fragen oder Anmerkungen<\/label><textarea id=\"wpforms-18419-field_6\" class=\"wpforms-field-medium\" name=\"wpforms[fields][6]\" aria-errormessage=\"wpforms-18419-field_6-error\" ><\/textarea><\/div><script>\n\t\t\t\t( function() {\n\t\t\t\t\tconst style = document.createElement( 'style' );\n\t\t\t\t\tstyle.appendChild( document.createTextNode( '#wpforms-18419-field_1-container { position: absolute !important; overflow: hidden !important; display: inline !important; height: 1px !important; width: 1px !important; z-index: -1000 !important; padding: 0 !important; } #wpforms-18419-field_1-container input { visibility: hidden; } #wpforms-conversational-form-page #wpforms-18419-field_1-container label { counter-increment: none; }' ) );\n\t\t\t\t\tdocument.head.appendChild( style );\n\t\t\t\t\tdocument.currentScript?.remove();\n\t\t\t\t} )();\n\t\t\t<\/script><\/div><!-- .wpforms-field-container --><div class=\"wpforms-submit-container\" ><input type=\"hidden\" name=\"wpforms[id]\" value=\"18419\"><input type=\"hidden\" name=\"page_title\" value=\"\"><input type=\"hidden\" name=\"page_url\" value=\"https:\/\/navision-beratung.de\/da\/wp-json\/wp\/v2\/pages\/18429\"><input type=\"hidden\" name=\"url_referer\" value=\"\"><button type=\"submit\" name=\"wpforms[submit]\" id=\"wpforms-submit-18419\" class=\"wpforms-submit\" data-alt-text=\"Sending...\" data-submit-text=\"Submit\" aria-live=\"assertive\" value=\"wpforms-submit\">Submit<\/button><img decoding=\"async\" src=\"https:\/\/navision-beratung.de\/wp-content\/plugins\/wpforms-lite\/assets\/images\/submit-spin.svg\" class=\"wpforms-submit-spinner\" style=\"display: none;\" width=\"26\" height=\"26\" alt=\"Loading\"><\/div><input type=\"hidden\" name=\"trp-form-language\" value=\"da\"\/><\/form><\/div>  <!-- .wpforms-container -->\t\t\t\t<\/div>\n\t\t\t\t<\/div>\n\t\t\t\t\t<\/div>\n\t\t\t\t<\/div>\n\t\t\t\t<\/div>","protected":false},"excerpt":{"rendered":"<p>Der erste Schritt zu Ihrer zukunftssicheren ERP-L\u00f6sung mit Microsoft Dynamics 365 BC Sie stehen vor der Einf\u00fchrung oder Optimierung eines ERP-Systems? Ob gesetzliche Anforderungen wie die E-Rechnungspflicht, manuelle Prozesse oder gewachsene IT-Strukturen \u2013 mit unserem Business Central Start Guide machen wir den Einstieg einfach und strukturiert. F\u00fcllen Sie das untenstehende Formular aus, damit wir Ihre [&hellip;]<\/p>","protected":false},"author":2,"featured_media":0,"parent":0,"menu_order":0,"comment_status":"closed","ping_status":"closed","template":"","meta":{"_seopress_robots_primary_cat":"","_seopress_titles_title":"","_seopress_titles_desc":"","_seopress_robots_index":"","footnotes":""},"categories":[],"tags":[],"class_list":["post-18429","page","type-page","status-publish","hentry"],"_links":{"self":[{"href":"https:\/\/navision-beratung.de\/da\/wp-json\/wp\/v2\/pages\/18429","targetHints":{"allow":["GET"]}}],"collection":[{"href":"https:\/\/navision-beratung.de\/da\/wp-json\/wp\/v2\/pages"}],"about":[{"href":"https:\/\/navision-beratung.de\/da\/wp-json\/wp\/v2\/types\/page"}],"author":[{"embeddable":true,"href":"https:\/\/navision-beratung.de\/da\/wp-json\/wp\/v2\/users\/2"}],"replies":[{"embeddable":true,"href":"https:\/\/navision-beratung.de\/da\/wp-json\/wp\/v2\/comments?post=18429"}],"version-history":[{"count":19,"href":"https:\/\/navision-beratung.de\/da\/wp-json\/wp\/v2\/pages\/18429\/revisions"}],"predecessor-version":[{"id":18464,"href":"https:\/\/navision-beratung.de\/da\/wp-json\/wp\/v2\/pages\/18429\/revisions\/18464"}],"wp:attachment":[{"href":"https:\/\/navision-beratung.de\/da\/wp-json\/wp\/v2\/media?parent=18429"}],"wp:term":[{"taxonomy":"category","embeddable":true,"href":"https:\/\/navision-beratung.de\/da\/wp-json\/wp\/v2\/categories?post=18429"},{"taxonomy":"post_tag","embeddable":true,"href":"https:\/\/navision-beratung.de\/da\/wp-json\/wp\/v2\/tags?post=18429"}],"curies":[{"name":"wp","href":"https:\/\/api.w.org\/{rel}","templated":true}]}}