{"id":153,"date":"2019-07-03T10:53:44","date_gmt":"2019-07-03T10:53:44","guid":{"rendered":"http:\/\/navisionberatung.apps-1and1.net\/?page_id=153"},"modified":"2025-05-24T10:13:15","modified_gmt":"2025-05-24T08:13:15","slug":"microsoft-wartungsvertrag-enhancement-plan","status":"publish","type":"page","link":"https:\/\/navision-beratung.de\/da\/ueberpruefen\/microsoft-wartungsvertrag-enhancement-plan\/","title":{"rendered":"Microsoft Produktvedligeholdelse - Forbedringsplan"},"content":{"rendered":"<div id=\"pl-153\" class=\"panel-layout\">\n<div id=\"pg-153-0\" class=\"panel-grid panel-no-style\">\n<div id=\"pgc-153-0-0\" class=\"panel-grid-cell\" data-weight=\"1\">\n<div id=\"panel-153-0-0-0\" class=\"so-panel widget widget_black-studio-tinymce widget_black_studio_tinymce panel-first-child panel-last-child\" data-index=\"0\" data-style=\"{&quot;background_image_attachment&quot;:false,&quot;background_display&quot;:&quot;tile&quot;}\">\n<div class=\"textwidget\">\n<h2>Din vedligeholdelsesaftale for Microsoft Dynamics ERP-produkter - Enhancement Plan<\/h2>\n<p>Microsoft Enhancement Plan (forkortet EP) er vedligeholdelseskontrakten for dit ERP-system. Det er ikke kun et obligatorisk krav til Microsoft-produktsupport, EP omfatter ogs\u00e5 en servicepakke, der g\u00e5r langt ud over industristandarden. Med vedligeholdelsesplanen investerer du ogs\u00e5 i forskning og videreudvikling af systemet og kan derfor til enhver tid drage fordel af innovationer i din forretningssoftware. Enhancement Plan tilbyder dig f\u00f8lgende tjenester:<\/p>\n<h2>Et overblik over fordelene ved Enhancement Plan<\/h2>\n<ul>\n<li><strong>Yderligere udvikling\/opgraderinger<\/strong>Hold din software opdateret: N\u00e5r der udkommer en ny produktversion, kan du opgradere til den, hvis det er n\u00f8dvendigt, mens den funktionalitet, du allerede har k\u00f8bt, forbliver den samme. Der er ingen ekstra licensomkostninger, kun de tjenester, der bruges til opgraderinger, opkr\u00e6ves.<\/li>\n<\/ul>\n<ul>\n<li><strong>Adgang til Microsoft CustomerSource<\/strong>Udvid din informationsfordel: EP giver dig adgang til CustomerSource, den eksklusive onlineplatform kun for EP-kunder, med f\u00f8lgende katalog af tjenester:\n<ul>\n<li>Online-tr\u00e6ningskurser<\/li>\n<li>E-learning (s\u00e6rlige onlinekurser, der i omfang og niveau svarer til traditionel undervisning)<\/li>\n<li>L\u00e6ringsplaner til at tilpasse og planl\u00e6gge dine kurser, herunder certificeringsmuligheder<\/li>\n<li>Forh\u00e5ndsmeddelelser om nye produktversioner og funktioner<\/li>\n<li>Invitationer til s\u00e6rlige kundearrangementer<\/li>\n<li>Omfattende vidensdatabase med tips og tricks (tyske og engelske artikler om teknologi, probleml\u00f8sning og meget mere)<\/li>\n<li>Whitepapers og tekniske artikler<\/li>\n<li>Produktdokumentation og -information<\/li>\n<\/ul>\n<\/li>\n<li><strong>Beskyttelse af investeringer <\/strong>Beskyt dine investeringer: I tilf\u00e6lde af en migrering til et andet Microsoft Dynamics-produkt er det muligt at f\u00e5 anerkendt allerede foretagne investeringer.<\/li>\n<\/ul>\n<p>En oversigt over udl\u00f8bsdatoer for Microsoft-support for Dynamics 365 Business Central og Dynamics NAV-versioner fra NAV 2009 kan findes her:<\/p>\n<p>\u00a0<\/p>\n<\/div>\n<\/div>\n<\/div>\n<\/div>\n<\/div>\n\n\n<div class=\"wp-block-buttons is-layout-flex wp-block-buttons-is-layout-flex\">\n<div class=\"wp-block-button\"><a class=\"wp-block-button__link has-white-color has-vivid-cyan-blue-background-color has-text-color has-background\" href=\"https:\/\/navision-beratung.de\/da\/produktsupport\/\">Supportperiode efter produktversion<\/a><\/div>\n<\/div>","protected":false},"excerpt":{"rendered":"<p>Ihr Wartungsvertrag f\u00fcr die ERP-Produkte von Microsoft Dynamics &#8211; Enhancement Plan Der Microsoft Enhancement Plan (kurz: EP) ist der Wartungsvertrag f\u00fcr Ihr ERP-System. Er bildet nicht nur eine obligatorische Voraussetzung f\u00fcr den Microsoft Produktsupport, vielmehr umfasst der EP ein Leistungspaket, das weit \u00fcber den branchen\u00fcblichen Standard hinausgeht. Mit dem Wartungsplan investieren Sie auch in die [&hellip;]<\/p>","protected":false},"author":1,"featured_media":3019,"parent":10710,"menu_order":0,"comment_status":"closed","ping_status":"open","template":"","meta":{"_seopress_robots_primary_cat":"","_seopress_titles_title":"Vorteile des Microsoft Enhancement Plans erfahren","_seopress_titles_desc":"Profitieren Sie mit dem Microsoft Enhancement Plan von Upgrades, exklusiven Ressourcen & Investitionsschutz f\u00fcr Ihr ERP-System. Jetzt informieren!","_seopress_robots_index":"","footnotes":""},"categories":[],"tags":[],"class_list":["post-153","page","type-page","status-publish","has-post-thumbnail","hentry"],"_links":{"self":[{"href":"https:\/\/navision-beratung.de\/da\/wp-json\/wp\/v2\/pages\/153","targetHints":{"allow":["GET"]}}],"collection":[{"href":"https:\/\/navision-beratung.de\/da\/wp-json\/wp\/v2\/pages"}],"about":[{"href":"https:\/\/navision-beratung.de\/da\/wp-json\/wp\/v2\/types\/page"}],"author":[{"embeddable":true,"href":"https:\/\/navision-beratung.de\/da\/wp-json\/wp\/v2\/users\/1"}],"replies":[{"embeddable":true,"href":"https:\/\/navision-beratung.de\/da\/wp-json\/wp\/v2\/comments?post=153"}],"version-history":[{"count":0,"href":"https:\/\/navision-beratung.de\/da\/wp-json\/wp\/v2\/pages\/153\/revisions"}],"up":[{"embeddable":true,"href":"https:\/\/navision-beratung.de\/da\/wp-json\/wp\/v2\/pages\/10710"}],"wp:featuredmedia":[{"embeddable":true,"href":"https:\/\/navision-beratung.de\/da\/wp-json\/wp\/v2\/media\/3019"}],"wp:attachment":[{"href":"https:\/\/navision-beratung.de\/da\/wp-json\/wp\/v2\/media?parent=153"}],"wp:term":[{"taxonomy":"category","embeddable":true,"href":"https:\/\/navision-beratung.de\/da\/wp-json\/wp\/v2\/categories?post=153"},{"taxonomy":"post_tag","embeddable":true,"href":"https:\/\/navision-beratung.de\/da\/wp-json\/wp\/v2\/tags?post=153"}],"curies":[{"name":"wp","href":"https:\/\/api.w.org\/{rel}","templated":true}]}}