{"id":119,"date":"2014-10-29T11:39:07","date_gmt":"2014-10-29T11:39:07","guid":{"rendered":"http:\/\/navisionberatung.apps-1and1.net\/?page_id=119"},"modified":"2025-05-24T09:24:23","modified_gmt":"2025-05-24T07:24:23","slug":"agb","status":"publish","type":"page","link":"https:\/\/navision-beratung.de\/da\/agb\/","title":{"rendered":"GTC"},"content":{"rendered":"<div data-elementor-type=\"wp-page\" data-elementor-id=\"119\" class=\"elementor elementor-119\" data-elementor-post-type=\"page\">\n\t\t\t\t<div class=\"elementor-element elementor-element-5a3fca3 e-flex e-con-boxed e-con e-parent\" data-id=\"5a3fca3\" data-element_type=\"container\">\n\t\t\t\t\t<div class=\"e-con-inner\">\n\t\t\t\t<div class=\"elementor-element elementor-element-e3a7f62 elementor-widget elementor-widget-heading\" data-id=\"e3a7f62\" data-element_type=\"widget\" data-widget_type=\"heading.default\">\n\t\t\t\t\t<h2 class=\"elementor-heading-title elementor-size-default\">Generelle vilk\u00e5r og betingelser<\/h2>\t\t\t\t<\/div>\n\t\t\t\t<div class=\"elementor-element elementor-element-589f5895 elementor-widget elementor-widget-text-editor\" data-id=\"589f5895\" data-element_type=\"widget\" data-widget_type=\"text-editor.default\">\n\t\t\t\t\t\t\t\t\t<h3>1. Anvendelsesomr\u00e5de<\/h3><p>De f\u00f8lgende vilk\u00e5r og betingelser g\u00e6lder for alle leverancer, ydelser, konsulentydelser, informationer og tilbud fra bartolome roeder AG (i det f\u00f8lgende ben\u00e6vnt BR-AG). K\u00f8bsbetingelser og andre generelle betingelser fra kunden, der afviger fra de f\u00f8lgende betingelser, bliver kun en del af kontrakten, hvis og i det omfang de er blevet anerkendt skriftligt af BR-AG. Kunder i henhold til de f\u00f8lgende vilk\u00e5r og betingelser er udelukkende iv\u00e6rks\u00e6ttere. Afvigelser fra disse vilk\u00e5r og\/eller tilf\u00f8jelser samt \u00e6ndringer og tilf\u00f8jelser til indg\u00e5ede kontrakter og BR-AG's vilk\u00e5r og betingelser, der g\u00e6lder for disse, skal ske skriftligt.<\/p><h3><br \/>2. Tilbud og kontrakter<\/h3><p>Tilbud fra BR-AG er med forbehold for \u00e6ndringer. Alle ordrer, herunder ordrer modtaget af BR-AG's repr\u00e6sentanter eller andre salgsmedarbejdere, bliver f\u00f8rst bindende for BR-AG ved skriftlig ordrebekr\u00e6ftelse fra BR-AG eller ved levering af varerne eller udf\u00f8relse af tjenesteydelsen. Hvis kunden indsender sit tilbud elektronisk, skal BR-AG straks bekr\u00e6fte modtagelsen. Den blotte bekr\u00e6ftelse af modtagelsen udg\u00f8r dog ikke en bindende accept af tilbuddet. Bekr\u00e6ftelsen af modtagelsen kan kombineres med en skriftlig erkl\u00e6ring om accept fra BR-AG.<\/p><h3><br \/>3. Programmer, tjenester, risikooverf\u00f8rsel<\/h3><p>3.1 Individuelle programmer skal udvikles i overensstemmelse med typen og omfanget af de dokumenter, der stilles til r\u00e5dighed af kunden. Hvis det er n\u00f8dvendigt, skal kunden i god tid og for egen regning stille yderligere praktiske testdata og testfaciliteter til r\u00e5dighed i tilstr\u00e6kkeligt omfang.<\/p><p>3.2 Grundlaget for udarbejdelsen af de enkelte programmer er den skriftlige programbeskrivelse, som BR-AG udarbejder p\u00e5 grundlag af de dokumenter og oplysninger, der stilles til r\u00e5dighed. Denne programbeskrivelse skal kontrolleres og bekr\u00e6ftes af kunden med hensyn til korrekthed og fuldst\u00e6ndighed. Eventuelle \u00e6ndrings\u00f8nsker fra kunden efter kontrol og bekr\u00e6ftelse kr\u00e6ver en s\u00e6rskilt aftale.<\/p><p>3.3 Ved bestilling af standardprogrammer bekr\u00e6fter kunden med bestillingen, at han er bekendt med omfanget af de bestilte programmers ydelse.<\/p><p>3.4 BR-AG skal levere de aftalte ydelser enten ved at yde r\u00e5dgivning, uddannelse, information osv. eller ved at udlevere dem (sende programmer, organisatoriske dokumenter eller andre dokumenter).<\/p><p>3.5 Forsendelse sker altid p\u00e5 kundens risiko, ogs\u00e5 i tilf\u00e6lde af fragtfri levering.<\/p><p>3.6 F\u00f8r overdragelsen til kunden forpligter BRAG sig til at kontrollere selve ydelsen i detaljer og is\u00e6r til at fastsl\u00e5, om den opfylder de kontraktlige krav i overensstemmelse med den enkelte ordre. Hvis kundens samarbejde er p\u00e5kr\u00e6vet til dette, skal BR-AG informere kunden herom. BR-AG skal verificere softwarens overensstemmelse med specifikationerne p\u00e5 grundlag af en verificerbar funktionstest og som en del af en efterf\u00f8lgende pr\u00f8vek\u00f8rsel under systembetingelser. Resultatet af godkendelsen skal registreres i en protokol, der skal udarbejdes og underskrives af BR-AG og kunden i f\u00e6llesskab.<\/p><h3><br \/>4. Priser<\/h3><p>4.1 De af BR-AG angivne priser er eksklusive rabatter og andre afslag samt eventuel merv\u00e6rdiafgift.<\/p><p>4.2 Hvis leveringen eller ydelsen skal leveres af BR-AG senere end 90 dage efter aftalens indg\u00e5else, er BR-AG berettiget til at opkr\u00e6ve eventuelle prisstigninger, der er opst\u00e5et i mellemtiden.<\/p><p>4.3 Omkostningerne til rejse-, dag- og opholdsudgifter samt rejsetid faktureres kunden separat i henhold til de respektive satser plus lovpligtig moms.<\/p><h3><br \/>5. Leveringstid, manglende levering, forsinkelse, delvis levering<\/h3><p>5.1 Med ordren p\u00e5tager BR-AG sig ingen risiko for indk\u00f8b af leverancer og andre ydelser, der er n\u00f8dvendige for oprettelsen af ordren.<\/p><p>5.2 Bekr\u00e6ftede ordrer og leveringsdatoer g\u00e6lder i alle tilf\u00e6lde under foruds\u00e6tning af korrekt, rettidig og fuldst\u00e6ndig levering til os. Leveringsfrister begynder f\u00f8rst efter afklaring af alle detaljer i udf\u00f8relsen af ordren og tilvejebringelse af eventuelle n\u00f8dvendige certifikater fra kunden og is\u00e6r efter modtagelse af bekr\u00e6ftelse af programbeskrivelsen, der er kontrolleret af kunden i overensstemmelse med afsnit 3.2. Leveringsfrister og leveringsdatoer forl\u00e6nges med den periode, hvor kunden er i restance med sine forpligtelser over for BR-AG.<\/p><p>5.3 Force majeure-begivenheder og omst\u00e6ndigheder, som BR-AG ikke er ansvarlig for, og som g\u00f8r levering umulig eller uforholdsm\u00e6ssig vanskelig, giver BR-AG ret til - ogs\u00e5 inden for forsinkelsen - at udskyde leveringen s\u00e5 l\u00e6nge hindringen varer. Hvis begivenhederne f\u00f8rer til en ikke blot midlertidig hindring eller besv\u00e6rligg\u00f8relse af opfyldelsen, kan BR-AG tr\u00e6de helt eller delvist tilbage fra kontrakten p\u00e5 grund af den endnu ikke opfyldte del. Retten til at udskyde levering eller til at tr\u00e6de tilbage fra kontrakten g\u00e6lder, uanset om de i pkt. 1 og 2 n\u00e6vnte begivenheder indtr\u00e6ffer hos BR-AG eller hos BR-AG's underleverand\u00f8rer; BR-AG's ud\u00f8velse af denne ret giver ikke anledning til erstatningskrav fra kundens side.<\/p><p>5.4 I de i punkt 5.3 n\u00e6vnte tilf\u00e6lde er kunden berettiget til at tr\u00e6de tilbage fra kontrakten, s\u00e5fremt han kan bevise, at den endnu ikke opfyldte del af kontrakten helt eller delvist ikke l\u00e6ngere er af interesse for ham p\u00e5 grund af forsinkelsen. Tilbagetr\u00e6kning med hensyn til delleverancer, der allerede er foretaget af BR-AG, er dog udelukket, forudsat at den udest\u00e5ende opfyldelse ikke svarer til en opfyldelse, der stadig er udest\u00e5ende i sin helhed med hensyn til kontraktens indhold. I tilf\u00e6lde af berettiget oph\u00e6velse fra kundens side er BR-AG berettiget til at kr\u00e6ve et passende brugsgebyr for de fordele, som kunden har haft af brugen af den kontraktlige software indtil oph\u00e6velsen. Kompensationen for brug beregnes p\u00e5 grundlag af en line\u00e6r fire\u00e5rig afskrivning.<\/p><p>5.5 Delvise leverancer er tilladt inden for de af os angivne leveringstider, forudsat at dette ikke medf\u00f8rer ulemper for brugen.<\/p><h3><br \/>6. Installation<\/h3><p>Hvis BR-AG-installation er fastsat i ordrebekr\u00e6ftelsen, skal kunden aktivere denne inden for 30 dage efter levering og\/eller klarg\u00f8ring til levering af BR-AG.<\/p><h3><br \/>7. Betalingsbetingelser<\/h3><p>7.1 Fakturaer fra BR-AG forfalder til betaling uden fradrag senest 14 dage efter fakturadato. Hvis kunden ikke har betalt inden dette tidspunkt, er han i misligholdelse uden yderligere varsel fra BR-AG. Betalingsdatoen anses for at v\u00e6re datoen for BR-AG's modtagelse af betaling eller datoen for kreditering af BR-AG's konto. Rabatter kan kun fratr\u00e6kkes med BR-AG's udtrykkelige samtykke.<\/p><p>7.2 Ved ordrer, der omfatter flere enheder, er BR-AG berettiget til at fakturere efter levering af hver enkelt enhed eller ydelse.<\/p><p>7.3 Uanset andre krav kan BR-AG kr\u00e6ve renter af sine krav fra forfaldsdatoen p\u00e5 5%, i tilf\u00e6lde af kundens betalingsforsinkelse p\u00e5 8% over basisrentesatsen. Hvis BR-AG kan dokumentere et h\u00f8jere rentekrav, is\u00e6r p\u00e5 grund af egne kreditrenteudgifter, er BR-AG berettiget til at kr\u00e6ve dette. BR-AG forbeholder sig ret til at g\u00f8re krav p\u00e5 erstatning for misligholdelse g\u00e6ldende, som overstiger den i pkt. 1 n\u00e6vnte erstatning.<\/p><p>7.4 Hvis kunden er i betalingsmisligholdelse, eller hvis en v\u00e6sentlig forringelse af hans \u00f8konomiske forhold, som han er ansvarlig for, bliver kendt, forfalder alle BR-AG's eksisterende krav mod kunden straks til betaling, uanset accepterede veksler. I dette tilf\u00e6lde kan BR-AG kr\u00e6ve \u00f8jeblikkelig forudbetaling eller sikkerhedsstillelse. Hvis kunden har givet urigtige oplysninger om sine \u00f8konomiske forhold i l\u00f8bet af kontraktens l\u00f8betid, er BR-AG berettiget til at tr\u00e6de tilbage fra kontrakten og kr\u00e6ve erstatning. I tilf\u00e6lde af annullering skylder kunden et brugsgebyr i henhold til punkt 5.4.<\/p><p>7.5 Betalinger med frig\u00f8rende virkning kan kun ske direkte til BR-AG. Hvis der er flere udest\u00e5ende krav mod klienten, skal betalinger foretaget af klienten modregnes i det \u00e6ldste krav, selv om klienten udtrykkeligt har betalt til et bestemt krav. Modregningen skal altid ske f\u00f8rst i omkostningerne, dern\u00e6st i renterne og til sidst i hovedkravet.<\/p><p>7.6 Kunden har kun ret til modregning med ubestridte eller retskraftige krav. Klienten har kun tilbageholdelsesret med hensyn til ubestridte eller lovligt etablerede krav, der stammer fra det samme kontraktforhold med BR-AG.<\/p><h3><br \/>8. Forbehold for ejendomsret<\/h3><p>8.1 Alle varer, der leveres af BR-AG, forbliver BR-AG's ejendom, indtil hele kundesaldoen fra det aktuelle forretningsforhold er betalt. Ejendomsforbeholdet oph\u00f8rer endeligt ved afregning af alle udest\u00e5ende krav p\u00e5 betalingstidspunktet.<\/p><p>8.2 Forarbejdning eller omdannelse af forbeholdsvaren sker altid for BR-AG som producent i henhold til \u00a7 950 BGB, uden at dette medf\u00f8rer noget ansvar for BR-AG. Ved forarbejdning, sammenl\u00e6gning eller blanding med andre varer af kunden har BR-AG ret til medejerskab af den nye vare i forholdet mellem fakturav\u00e6rdien af de varer, der er omfattet af ejendomsforbeholdet, og fakturav\u00e6rdien af de andre anvendte varer. P\u00e5 tidspunktet for forarbejdning, kombination eller blanding overdrager kunden hermed sine (med)ejendomsrettigheder til den ensartede vare til BR-AG i et omfang svarende til fakturav\u00e6rdien af de varer, der er underlagt ejendomsforbehold, og opbevarer dem vederlagsfrit for BR-AG.<\/p><p>8.3 Ordregiveren er berettiget til at videres\u00e6lge varerne med ejendomsforbehold i den almindelige forretningsgang, men ordregiveren overdrager allerede nu til BR-AG alle krav p\u00e5 den mellem BR-AG og ordregiveren aftalte k\u00f8bspris, der tilfalder ordregiveren i forbindelse med videresalget, uanset om leveringsgenstandene videres\u00e6lges uden eller efter forarbejdning. Kunden er bemyndiget til at inddrive disse fordringer efter overdragelsen. BR-AG's bemyndigelse til selv at inddrive fordringerne ber\u00f8res ikke heraf; dog forpligter BR-AG sig til ikke at inddrive fordringerne, s\u00e5 l\u00e6nge kunden beh\u00f8rigt opfylder sine betalingsforpligtelser og ikke er i betalingsmisligholdelse. Hvis dette er tilf\u00e6ldet, kan BR-AG dog kr\u00e6ve, at kunden oplyser om de overdragne fordringer og deres debitorer, giver alle oplysninger, der er n\u00f8dvendige for inddrivelsen, udleverer de relevante dokumenter og informerer debitorerne (tredjeparter) om overdragelsen.<\/p><p>8.4 Kunden er forpligtet til straks at underrette BR-AG om enhver beslagl\u00e6ggelse eller anden retlig eller faktisk forringelse samt om enhver fare for de varer, der er omfattet af ejendomsforbehold eller anden sikkerhed til fordel for BR-AG. Kunden m\u00e5 hverken pants\u00e6tte eller overdrage leveringsgenstandene til sikkerhed.<\/p><p>8.5 I tilf\u00e6lde af betalingsmisligholdelse eller oph\u00e6velse af kontrakten erkl\u00e6rer kunden sig hermed indforst\u00e5et med, at BR-AG fjerner eller lader fjerne de varer, der er omfattet af ejendomsforbeholdet, fra kundens lokaler. Fjernelsen udg\u00f8r kun en annullering af den p\u00e5g\u00e6ldende kontrakt, hvis BR-AG udtrykkeligt erkl\u00e6rer dette.<\/p><p>8.6 Hvis den realiserbare v\u00e6rdi af de varer, der er underlagt ejendomsforbehold, overstiger de krav, der skal sikres, med mere end 110%, forpligter BR-AG sig til at frigive de sikkerheder, som den er berettiget til, p\u00e5 anmodning fra kunden. Gr\u00e6nsen for oprettelse af et krav om frigivelse er 150% af den ansl\u00e5ede v\u00e6rdi af de sikrede varer.<\/p><h3><br \/>9. Garanti<\/h3><p>9.1 Garantien skal i f\u00f8rste omgang ske i form af efterf\u00f8lgende opfyldelse efter BR-AG's valg, enten ved gratis afhj\u00e6lpning af manglen eller ved nyproduktion, efter tilsvarende meddelelse fra kunden. Hvis meddelelsen om mangler er berettiget, skal manglerne udbedres inden for en rimelig frist, hvor kunden skal give BR-AG mulighed for at tr\u00e6ffe alle n\u00f8dvendige foranstaltninger til inspektion og udbedring af mangler.<\/p><p>9.2 Hvis to fors\u00f8g p\u00e5 reparation eller udskiftning mislykkes, eller hvis efterf\u00f8lgende opfyldelse anses for at v\u00e6re mislykket eller urimelig af andre grunde, kan kunden efter eget valg kr\u00e6ve annullering (tilbagetr\u00e6kning) eller neds\u00e6ttelse af betalingen. I tilf\u00e6lde af kun en mindre misligholdelse af kontrakten, is\u00e6r i tilf\u00e6lde af kun mindre mangler, har kunden dog ingen ret til annullering. I tilf\u00e6lde af annullering skal klienten betale et brugsgebyr i henhold til punkt 5.4. Derudover kan klienten ikke kr\u00e6ve erstatning for skader i stedet for ydeevne eller refusion af forg\u00e6ves udgifter, medmindre BR-AG, dets juridiske repr\u00e6sentanter eller stedfortr\u00e6dere er skyldige i fors\u00e6t eller grov uagtsomhed, der er obligatorisk lovbestemt ansvar p\u00e5 grund af en overtr\u00e6delse af en forpligtelse, der er afg\u00f8rende for opn\u00e5elsen af hele form\u00e5let med kontrakten, ansvar i henhold til produktansvarsloven, skade p\u00e5 liv, lemmer og sundhed eller ansvar inden for rammerne af en garantiovertagelse i henhold til 9.5.<\/p><p>9.3 BR-AG's ansvar er begr\u00e6nset til den forudsigelige skade, der er typisk for kontrakten. Hvis kunden v\u00e6lger skadeserstatning, efter at den efterf\u00f8lgende opfyldelse er mislykkedes, skal varerne forblive hos kunden i det omfang, det er rimeligt.<\/p><p>9.4 Dette p\u00e5virker ikke garantirettighederne p\u00e5 grund af fejl i standardsoftware, for hvilke garantireglerne i den tilsvarende licensaftale g\u00e6lder.<\/p><p>9.5 For softwareprodukter garanterer BR-AG, at de udf\u00f8rer programinstruktionerne uden materielle og udf\u00f8relsesm\u00e6ssige fejl, hvis hardware- og operativsystemkonfigurationen svarer til BR-AG's anbefaling. BR-AG giver ikke kunden yderligere garantier i juridisk forstand. Producentens garantier forbliver up\u00e5virket af dette. Kun producentens og BR-AG's produktbeskrivelser anses for at v\u00e6re aftalt som produkternes kvalitet. Hvis softwaren oprettes p\u00e5 grundlag af et specifikationsark (f.eks. I-Book-koncept), bestemmer dette efterf\u00f8lgende produktets kvalitet. Offentlige erkl\u00e6ringer, kampagner eller reklamer fra producentens side udg\u00f8r ikke kontraktlige kvalitetsspecifikationer for varerne.<\/p><p>9.6 BR-AG er fritaget for enhver garanti, hvis der opst\u00e5r mangler, fordi produkterne behandles forkert eller ikke vedligeholdes og plejes i overensstemmelse med forskrifterne, eller hvis en tredjepart foretager \u00e6ndringer af enhver art eller reparationer p\u00e5 produkterne uden skriftligt samtykke fra BR-AG, eller hvis betjenings- og installationsanvisninger ikke f\u00f8lges eller overholdes. Hvis kunden modtager en fejlbeh\u00e6ftet betjenings- eller installationsvejledning, er BR-AG kun forpligtet til at levere en fejlfri vejledning, og kun hvis fejlen i vejledningen forhindrer en korrekt betjening eller installation af kunden.<\/p><p>9.7 Kundens krav p\u00e5 efteropfyldelse, erstatning, godtg\u00f8relse af udgifter eller afslag p\u00e5 grund af en mangel for\u00e6ldes inden for et \u00e5r fra begyndelsen af den lovbestemte for\u00e6ldelsesfrist. Annullering efter udl\u00f8bet af for\u00e6ldelsesfristen er ugyldig.<\/p><p>9.8 I det omfang ovenst\u00e5ende bestemmelser om foruds\u00e6tningerne for og konsekvenserne af kundens rettigheder i tilf\u00e6lde af mangler ikke indeholder nogen eller ingen afvigende bestemmelser, g\u00e6lder de lovbestemte bestemmelser om disse rettigheder.<\/p><h3><br \/>10. Ansvar<\/h3><p>10.1 Andre erstatningskrav fra kunden p\u00e5 grund af pligtfors\u00f8mmelse er udelukket, medmindre BR-AG, dets juridiske repr\u00e6sentanter eller stedfortr\u00e6dere har gjort sig skyldige i fors\u00e6t eller grov uagtsomhed, medmindre ansvaret er obligatorisk i henhold til loven p\u00e5 grund af en overtr\u00e6delse af en forpligtelse, der er afg\u00f8rende for opfyldelsen af hele form\u00e5let med kontrakten, ansvar i henhold til produktansvarsloven eller ansvar for skade p\u00e5 liv, lemmer og sundhed.<\/p><p>10.2 I det omfang kunden har ret til erstatning, er denne begr\u00e6nset til den forudsigelige skade, der er typisk for kontrakten.<\/p><p>10.3 Ved tilsvarende anvendelse af punkt 9.6 er ethvert erstatningsansvar fra BR-AG's side udelukket, hvis skaden helt eller overvejende er baseret p\u00e5 de omst\u00e6ndigheder, der er n\u00e6vnt i punkt 9.6.<\/p><p>10.4 Kundens erstatningskrav for\u00e6ldes inden for et \u00e5r fra begyndelsen af den lovbestemte for\u00e6ldelsesfrist.<\/p><h3><br \/>11. Beskyttelse af ophavsret<\/h3><p>11.1 BR-AG giver kunden en uoverdragelig brugsret til programmerne, tilh\u00f8rende dokumentation og senere till\u00e6g til kundens eget brug til de form\u00e5l, hvortil programmerne er leveret. Kunden skal sikre, at disse programmer og dokumentation ikke er tilg\u00e6ngelige for tredjemand uden forudg\u00e5ende skriftligt samtykke fra BR-AG. Kopiering af ophavsretligt beskyttet software og trykt materiale m\u00e5 kun ske, hvis det er n\u00f8dvendigt for at sikre fremtidig anvendelse. Hvis originalerne er forsynet med en meddelelse om ophavsret, skal denne meddelelse ogs\u00e5 anbringes af kunden p\u00e5 de fremstillede kopier. Ophavsretlige angivelser, serienumre og andre kendetegn, der tjener til at identificere programmet, m\u00e5 under ingen omst\u00e6ndigheder fjernes eller \u00e6ndres.<\/p><p>11.2 Ordregiveren er forpligtet til ikke at videregive organisationsudviklingen, programmerne og programmeringsbeskrivelserne til tredjemand, hverken mod betaling eller gratis, uden skriftligt samtykke fra leverand\u00f8ren. Da de af BR-AG udarbejdede programmer og organisatoriske ydelser er leverand\u00f8rens intellektuelle ejendom, er det udelukkende tilladt at anvende disse til kundens egne form\u00e5l, ogs\u00e5 efter betaling.<\/p><p>11.3 Omvendt overs\u00e6ttelse af de leverede programmer til andre kodeformer (rekompilering) og andre former for reverse engineering af de forskellige typer softwareproduktion, herunder program\u00e6ndringer, er ikke tilladt uden forudg\u00e5ende skriftligt samtykke fra BR-AG. Fjernelse af kopibeskyttelse eller lignende beskyttelsesrutiner er ikke tilladt. \u00a7 Paragraf 69 e og 69 d (2) og (3) UrhG forbliver uber\u00f8rt.<\/p><p>11.4 Brug af den leverede software i et netv\u00e6rk eller et andet computersystem med flere stationer er ikke tilladt uden skriftligt samtykke fra BR-AG, for s\u00e5 vidt som dette skaber mulighed for samtidig multipel brug af programmet, og en s\u00e5dan brug ikke er genstand for kontrakten.<\/p><p>11.5 I tilf\u00e6lde af overtr\u00e6delse af ovenst\u00e5ende bestemmelser er licenstageren forpligtet til at udlevere alle kopier af programmet til BR-AG uden ret til erstatning. Retten til at g\u00f8re yderligere erstatningskrav g\u00e6ldende i denne forbindelse forbeholdes udtrykkeligt.<\/p><p>11.6 Licenstager skal p\u00e5l\u00e6gge alle personer, der kommer i kontakt med den licenserede software, ovenst\u00e5ende forpligtelser.<\/p><p>11.7 Videreudviklinger af den licenserede software stilles ikke gratis til r\u00e5dighed.<\/p><h3><br \/>12. Regler for udenrigshandel og eksportkontrol<\/h3><p>I det omfang de leverede produkter er underlagt tyske eller udenlandske regler for udenrigshandel og eksportkontrol, er kunden ansvarlig for at overholde de relevante regler. I tilf\u00e6lde af overtr\u00e6delse af s\u00e5danne bestemmelser er kunden forpligtet til at holde BR-AG skadesl\u00f8s.<\/p><h3><br \/>13. Generelt<\/h3><p>13.1 Kunden kan kun overdrage sine rettigheder og forpligtelser i henhold til denne kontrakt med skriftligt samtykke fra BR-AG.<\/p><p>13.2 Ordrer behandles i BR-AG ved hj\u00e6lp af automatiseret databehandling. Kunden giver hermed sit udtrykkelige samtykke til behandlingen af de data, der videregives til BR-AG i denne kontrakt, og som er n\u00f8dvendige for ordrebehandlingen.<\/p><p>13.3 \u00c6ndring eller eventuel ugyldighed af enkelte bestemmelser p\u00e5virker ikke gyldigheden af de \u00f8vrige bestemmelser. I tilf\u00e6lde af at en bestemmelse er ugyldig, er kunden forpligtet til at aftale en gyldig bestemmelse med BR-AG, der kommer t\u00e6ttest p\u00e5 den ugyldige bestemmelse p\u00e5 en lovligt tilladt m\u00e5de.<\/p><p>13.4 Denne kontrakt er udelukkende underlagt tysk lov. Bestemmelserne i Haag-konventionen om aftaler om internationale k\u00f8b og FN-konventionen om aftaler om internationale k\u00f8b finder ikke anvendelse. Opfyldelsessted og v\u00e6rneting for begge parter er N\u00fcrnberg, s\u00e5fremt kunden er en erhvervsdrivende, en offentligretlig juridisk person eller en offentligretlig specialfond.<\/p>\t\t\t\t\t\t\t\t<\/div>\n\t\t\t\t\t<\/div>\n\t\t\t\t<\/div>\n\t\t\t\t<\/div>","protected":false},"excerpt":{"rendered":"<p>Allgemeine Gesch\u00e4ftsbedingungen 1. Geltungsbereich Die nachstehenden Gesch\u00e4ftsbedingungen gelten f\u00fcr alle Lieferungen, Leistungen, Beratungsleistungen, Ausk\u00fcnfte und Angebote der bartolome roeder AG (nachfolgend BR-AG) genannt. Einkaufsbedingungen und sonstige allgemeine Gesch\u00e4ftsbedingungen des Auftraggebers, die von den nachstehenden Bedingungen abweichen, werden nur Vertragsinhalt, wenn und soweit sie von BR-AG schriftlich anerkannt worden sind. Auftraggeber im Sinne der nachstehenden Gesch\u00e4ftsbedingungen [&hellip;]<\/p>","protected":false},"author":1,"featured_media":0,"parent":0,"menu_order":0,"comment_status":"closed","ping_status":"open","template":"","meta":{"_seopress_robots_primary_cat":"","_seopress_titles_title":"Gesch\u00e4ftsbedingungen der BR-AG: Vertrauen & Klarheit","_seopress_titles_desc":"Erfahren Sie mehr \u00fcber die Allgemeinen Gesch\u00e4ftsbedingungen der BR-AG. Optimale Vertr\u00e4ge f\u00fcr Unternehmer, transparente Preise, flexible Angebote.","_seopress_robots_index":"","footnotes":""},"categories":[],"tags":[],"class_list":["post-119","page","type-page","status-publish","hentry"],"_links":{"self":[{"href":"https:\/\/navision-beratung.de\/da\/wp-json\/wp\/v2\/pages\/119","targetHints":{"allow":["GET"]}}],"collection":[{"href":"https:\/\/navision-beratung.de\/da\/wp-json\/wp\/v2\/pages"}],"about":[{"href":"https:\/\/navision-beratung.de\/da\/wp-json\/wp\/v2\/types\/page"}],"author":[{"embeddable":true,"href":"https:\/\/navision-beratung.de\/da\/wp-json\/wp\/v2\/users\/1"}],"replies":[{"embeddable":true,"href":"https:\/\/navision-beratung.de\/da\/wp-json\/wp\/v2\/comments?post=119"}],"version-history":[{"count":0,"href":"https:\/\/navision-beratung.de\/da\/wp-json\/wp\/v2\/pages\/119\/revisions"}],"wp:attachment":[{"href":"https:\/\/navision-beratung.de\/da\/wp-json\/wp\/v2\/media?parent=119"}],"wp:term":[{"taxonomy":"category","embeddable":true,"href":"https:\/\/navision-beratung.de\/da\/wp-json\/wp\/v2\/categories?post=119"},{"taxonomy":"post_tag","embeddable":true,"href":"https:\/\/navision-beratung.de\/da\/wp-json\/wp\/v2\/tags?post=119"}],"curies":[{"name":"wp","href":"https:\/\/api.w.org\/{rel}","templated":true}]}}